{"id":135,"date":"2020-12-26T23:04:49","date_gmt":"2020-12-26T23:04:49","guid":{"rendered":"https:\/\/35.246.112.44\/?page_id=135"},"modified":"2021-01-11T21:35:48","modified_gmt":"2021-01-11T21:35:48","slug":"elementor-135","status":"publish","type":"page","link":"https:\/\/eswatinichess.com\/index.php\/elementor-135\/","title":{"rendered":"News"},"content":{"rendered":"\t\t<div data-elementor-type=\"wp-post\" data-elementor-id=\"135\" class=\"elementor elementor-135\">\n\t\t\t\t\t\t<section class=\"elementor-section elementor-top-section elementor-element elementor-element-2b051baa elementor-section-boxed elementor-section-height-default elementor-section-height-default\" data-id=\"2b051baa\" data-element_type=\"section\">\n\t\t\t\t\t\t<div class=\"elementor-container elementor-column-gap-default\">\n\t\t\t\t\t<div class=\"elementor-column elementor-col-100 elementor-top-column elementor-element elementor-element-621487cf\" data-id=\"621487cf\" data-element_type=\"column\">\n\t\t\t<div class=\"elementor-widget-wrap elementor-element-populated\">\n\t\t\t\t\t\t<div class=\"elementor-element elementor-element-253407c8 elementor--h-position-center elementor--v-position-middle elementor-arrows-position-inside elementor-pagination-position-inside elementor-widget elementor-widget-slides\" data-id=\"253407c8\" data-element_type=\"widget\" data-settings=\"{&quot;navigation&quot;:&quot;both&quot;,&quot;autoplay&quot;:&quot;yes&quot;,&quot;pause_on_hover&quot;:&quot;yes&quot;,&quot;pause_on_interaction&quot;:&quot;yes&quot;,&quot;autoplay_speed&quot;:5000,&quot;infinite&quot;:&quot;yes&quot;,&quot;transition&quot;:&quot;slide&quot;,&quot;transition_speed&quot;:500}\" data-widget_type=\"slides.default\">\n\t\t\t\t<div class=\"elementor-widget-container\">\n\t\t\t\t\t\t\t<div class=\"elementor-swiper\">\n\t\t\t<div class=\"elementor-slides-wrapper elementor-main-swiper swiper-container\" dir=\"ltr\" data-animation=\"fadeInUp\">\n\t\t\t\t<div class=\"swiper-wrapper elementor-slides\">\n\t\t\t\t\t<div class=\"elementor-repeater-item-b2eec8f swiper-slide\"><div class=\"swiper-slide-bg\"><\/div><div class=\"elementor-background-overlay\"><\/div><div class=\"swiper-slide-inner\" ><div class=\"swiper-slide-contents\"><div class=\"elementor-slide-heading\">Latest News and Updates<\/div><div class=\"elementor-slide-description\">catch all the latest news from eswatini chess<\/div><\/div><\/div><\/div>\t\t\t\t<\/div>\n\t\t\t\t\t\t\t<\/div>\n\t\t<\/div>\n\t\t\t\t\t\t<\/div>\n\t\t\t\t<\/div>\n\t\t\t\t<div class=\"elementor-element elementor-element-3b2a6d5a elementor-widget elementor-widget-spacer\" data-id=\"3b2a6d5a\" data-element_type=\"widget\" data-widget_type=\"spacer.default\">\n\t\t\t\t<div class=\"elementor-widget-container\">\n\t\t\t\t\t\t\t<div class=\"elementor-spacer\">\n\t\t\t<div class=\"elementor-spacer-inner\"><\/div>\n\t\t<\/div>\n\t\t\t\t\t\t<\/div>\n\t\t\t\t<\/div>\n\t\t\t\t\t<\/div>\n\t\t<\/div>\n\t\t\t\t\t<\/div>\n\t\t<\/section>\n\t\t\t\t<section class=\"elementor-section elementor-top-section elementor-element elementor-element-34323365 elementor-section-boxed elementor-section-height-default elementor-section-height-default\" data-id=\"34323365\" data-element_type=\"section\">\n\t\t\t\t\t\t<div class=\"elementor-container elementor-column-gap-default\">\n\t\t\t\t\t<div class=\"elementor-column elementor-col-100 elementor-top-column elementor-element elementor-element-369f9c5c\" data-id=\"369f9c5c\" data-element_type=\"column\">\n\t\t\t<div class=\"elementor-widget-wrap elementor-element-populated\">\n\t\t\t\t\t\t<div class=\"elementor-element elementor-element-166db747 elementor-widget elementor-widget-heading\" data-id=\"166db747\" data-element_type=\"widget\" latest-news=\"\" data-widget_type=\"heading.default\">\n\t\t\t\t<div class=\"elementor-widget-container\">\n\t\t\t\t\t<h2 class=\"elementor-heading-title elementor-size-default\"><a href=\"#latest-news\"><b>Latest news<\/b><\/a><\/h2>\t\t\t\t<\/div>\n\t\t\t\t<\/div>\n\t\t\t\t<div class=\"elementor-element elementor-element-d62ec9e elementor-grid-1 elementor-grid-tablet-2 elementor-grid-mobile-1 elementor-posts--thumbnail-top elementor-posts--show-avatar elementor-card-shadow-yes elementor-posts__hover-gradient elementor-widget elementor-widget-posts\" data-id=\"d62ec9e\" data-element_type=\"widget\" data-settings=\"{&quot;cards_columns&quot;:&quot;1&quot;,&quot;cards_columns_tablet&quot;:&quot;2&quot;,&quot;cards_columns_mobile&quot;:&quot;1&quot;,&quot;cards_row_gap&quot;:{&quot;unit&quot;:&quot;px&quot;,&quot;size&quot;:35,&quot;sizes&quot;:[]}}\" data-widget_type=\"posts.cards\">\n\t\t\t\t<div class=\"elementor-widget-container\">\n\t\t\t\t\t\t\t<div class=\"elementor-posts-container elementor-posts elementor-posts--skin-cards elementor-grid\">\n\t\t\t\t<article class=\"elementor-post elementor-grid-item post-17152 post type-post status-publish format-standard hentry category-uncategorized\">\n\t\t\t<div class=\"elementor-post__card\">\n\t\t\t\t<div class=\"elementor-post__text\">\n\t\t\t\t<h3 class=\"elementor-post__title\">\n\t\t\t<a href=\"https:\/\/eswatinichess.com\/index.php\/2026\/05\/13\/admirable-experiences-lead-players-to-vegashero-and-beyond\/\" >\n\t\t\t\tAdmirable Experiences Lead Players to vegashero and Beyond\t\t\t<\/a>\n\t\t<\/h3>\n\t\t\t\t<div class=\"elementor-post__excerpt\">\n\t\t\t<p>Admirable Experiences Lead Players to vegashero and Beyond Exploring the Game Selection at vegashero The Appeal of Live Casino Games Unveiling the Bonuses and Promotions<\/p>\n\t\t<\/div>\n\t\t\t\t\t<a class=\"elementor-post__read-more\" href=\"https:\/\/eswatinichess.com\/index.php\/2026\/05\/13\/admirable-experiences-lead-players-to-vegashero-and-beyond\/\" >\n\t\t\t\tRead More \u00bb\t\t\t<\/a>\n\t\t\t\t<\/div>\n\t\t\t\t<div class=\"elementor-post__meta-data\">\n\t\t\t\t\t<span class=\"elementor-post-date\">\n\t\t\tMay 13, 2026\t\t<\/span>\n\t\t\t\t<span class=\"elementor-post-avatar\">\n\t\t\tNo Comments\t\t<\/span>\n\t\t\t\t<\/div>\n\t\t\t\t\t<\/div>\n\t\t<\/article>\n\t\t\t\t<article class=\"elementor-post elementor-grid-item post-17150 post type-post status-publish format-standard hentry category-uncategorized\">\n\t\t\t<div class=\"elementor-post__card\">\n\t\t\t\t<div class=\"elementor-post__text\">\n\t\t\t\t<h3 class=\"elementor-post__title\">\n\t\t\t<a href=\"https:\/\/eswatinichess.com\/index.php\/2026\/05\/13\/zavorazivaiushhii-azart-i-olimp-casino-vxod-s-pobednymi\/\" >\n\t\t\t\t\u0417\u0430\u0432\u043e\u0440\u0430\u0436\u0438\u0432\u0430\u044e\u0449\u0438\u0439 \u0430\u0437\u0430\u0440\u0442 \u0438 olimp casino \u0432\u0445\u043e\u0434 \u0441 \u043f\u043e\u0431\u0435\u0434\u043d\u044b\u043c\u0438 \u0441\u0442\u0440\u0430\u0442\u0435\u0433\u0438\u044f\u043c\u0438 \u0438 \u0432\u044b\u0433\u043e\u0434\u043d\u044b\u043c\u0438 \u0431\u043e\u043d\u0443\u0441\u0430\u043c\u0438\t\t\t<\/a>\n\t\t<\/h3>\n\t\t\t\t<div class=\"elementor-post__excerpt\">\n\t\t\t<p>\u0417\u0430\u0432\u043e\u0440\u0430\u0436\u0438\u0432\u0430\u044e\u0449\u0438\u0439 \u0430\u0437\u0430\u0440\u0442 \u0438 olimp casino \u0432\u0445\u043e\u0434 \u0441 \u043f\u043e\u0431\u0435\u0434\u043d\u044b\u043c\u0438 \u0441\u0442\u0440\u0430\u0442\u0435\u0433\u0438\u044f\u043c\u0438 \u0438 \u0432\u044b\u0433\u043e\u0434\u043d\u044b\u043c\u0438 \u0431\u043e\u043d\u0443\u0441\u0430\u043c\u0438 \u041c\u0438\u0440 \u0441\u043b\u043e\u0442\u043e\u0432 Olimp Casino: \u043e\u0442 \u043a\u043b\u0430\u0441\u0441\u0438\u043a\u0438 \u0434\u043e \u0438\u043d\u043d\u043e\u0432\u0430\u0446\u0438\u0439 \u041f\u043e\u043f\u0443\u043b\u044f\u0440\u043d\u044b\u0435 \u0441\u043b\u043e\u0442\u044b \u0441\u0440\u0435\u0434\u0438 \u0438\u0433\u0440\u043e\u043a\u043e\u0432 Olimp<\/p>\n\t\t<\/div>\n\t\t\t\t\t<a class=\"elementor-post__read-more\" href=\"https:\/\/eswatinichess.com\/index.php\/2026\/05\/13\/zavorazivaiushhii-azart-i-olimp-casino-vxod-s-pobednymi\/\" >\n\t\t\t\tRead More \u00bb\t\t\t<\/a>\n\t\t\t\t<\/div>\n\t\t\t\t<div class=\"elementor-post__meta-data\">\n\t\t\t\t\t<span class=\"elementor-post-date\">\n\t\t\tMay 13, 2026\t\t<\/span>\n\t\t\t\t<span class=\"elementor-post-avatar\">\n\t\t\tNo Comments\t\t<\/span>\n\t\t\t\t<\/div>\n\t\t\t\t\t<\/div>\n\t\t<\/article>\n\t\t\t\t<article class=\"elementor-post elementor-grid-item post-17146 post type-post status-publish format-standard hentry category-uncategorized\">\n\t\t\t<div class=\"elementor-post__card\">\n\t\t\t\t<div class=\"elementor-post__text\">\n\t\t\t\t<h3 class=\"elementor-post__title\">\n\t\t\t<a href=\"https:\/\/eswatinichess.com\/index.php\/2026\/05\/13\/oficialnyi-sait-pinco-casino7956\/\" >\n\t\t\t\t&#8211; \u041e\u0444\u0438\u0446\u0438\u0430\u043b\u044c\u043d\u044b\u0439 \u0441\u0430\u0439\u0442 Pinco Casino.7956\t\t\t<\/a>\n\t\t<\/h3>\n\t\t\t\t<div class=\"elementor-post__excerpt\">\n\t\t\t<p>\u041f\u0438\u043d\u043a\u043e \u041a\u0430\u0437\u0438\u043d\u043e &#8211; \u041e\u0444\u0438\u0446\u0438\u0430\u043b\u044c\u043d\u044b\u0439 \u0441\u0430\u0439\u0442 Pinco Casino \u25b6\ufe0f \u0418\u0413\u0420\u0410\u0422\u042c \u0421\u043e\u0434\u0435\u0440\u0436\u0438\u043c\u043e\u0435 \u041f\u0440\u0435\u0438\u043c\u0443\u0449\u0435\u0441\u0442\u0432\u0430 \u0438\u0433\u0440\u044b \u0432 Pinco Casino \u0411\u043e\u043b\u044c\u0448\u043e\u0439 \u0432\u044b\u0431\u043e\u0440 \u0438\u0433\u0440 \u041a\u0430\u043a \u043d\u0430\u0447\u0430\u0442\u044c \u0438\u0433\u0440\u0430\u0442\u044c \u0432 Pinco Casino \u0411\u043e\u043d\u0443\u0441\u044b<\/p>\n\t\t<\/div>\n\t\t\t\t\t<a class=\"elementor-post__read-more\" href=\"https:\/\/eswatinichess.com\/index.php\/2026\/05\/13\/oficialnyi-sait-pinco-casino7956\/\" >\n\t\t\t\tRead More \u00bb\t\t\t<\/a>\n\t\t\t\t<\/div>\n\t\t\t\t<div class=\"elementor-post__meta-data\">\n\t\t\t\t\t<span class=\"elementor-post-date\">\n\t\t\tMay 13, 2026\t\t<\/span>\n\t\t\t\t<span class=\"elementor-post-avatar\">\n\t\t\tNo Comments\t\t<\/span>\n\t\t\t\t<\/div>\n\t\t\t\t\t<\/div>\n\t\t<\/article>\n\t\t\t\t<article class=\"elementor-post elementor-grid-item post-17144 post type-post status-publish format-standard hentry category-computers-games tag-read-more\">\n\t\t\t<div class=\"elementor-post__card\">\n\t\t\t\t<div class=\"elementor-post__text\">\n\t\t\t\t<h3 class=\"elementor-post__title\">\n\t\t\t<a href=\"https:\/\/eswatinichess.com\/index.php\/2026\/05\/13\/een-gedetailleerd-studie-rapport-over-de-aandelen-van-avia-masters\/\" >\n\t\t\t\tEen Gedetailleerd Studie Rapport over de Aandelen van Avia Masters\t\t\t<\/a>\n\t\t<\/h3>\n\t\t\t\t<div class=\"elementor-post__excerpt\">\n\t\t\t<p>Inleiding Avia Masters is een opkomende speler in de luchtvaartindustrie, die zich richt op het aanbieden van premium luchtvaartdiensten en -producten. Dit rapport heeft als<\/p>\n\t\t<\/div>\n\t\t\t\t\t<a class=\"elementor-post__read-more\" href=\"https:\/\/eswatinichess.com\/index.php\/2026\/05\/13\/een-gedetailleerd-studie-rapport-over-de-aandelen-van-avia-masters\/\" >\n\t\t\t\tRead More \u00bb\t\t\t<\/a>\n\t\t\t\t<\/div>\n\t\t\t\t<div class=\"elementor-post__meta-data\">\n\t\t\t\t\t<span class=\"elementor-post-date\">\n\t\t\tMay 13, 2026\t\t<\/span>\n\t\t\t\t<span class=\"elementor-post-avatar\">\n\t\t\tNo Comments\t\t<\/span>\n\t\t\t\t<\/div>\n\t\t\t\t\t<\/div>\n\t\t<\/article>\n\t\t\t\t<article class=\"elementor-post elementor-grid-item post-17142 post type-post status-publish format-standard hentry category-uncategorized\">\n\t\t\t<div class=\"elementor-post__card\">\n\t\t\t\t<div class=\"elementor-post__text\">\n\t\t\t\t<h3 class=\"elementor-post__title\">\n\t\t\t<a href=\"https:\/\/eswatinichess.com\/index.php\/2026\/05\/13\/casibom-casino-gvenilir-online-casino-giri-adresi6510\/\" >\n\t\t\t\tCasibom Casino &#8211; Gvenilir Online Casino Giri Adresi.6510\t\t\t<\/a>\n\t\t<\/h3>\n\t\t\t\t<div class=\"elementor-post__excerpt\">\n\t\t\t<p>Casibom Casino &#8211; G\u00fcvenilir Online Casino Giri\u015f Adresi \u25b6\ufe0f OYNAMAK \u0421\u043e\u0434\u0435\u0440\u0436\u0438\u043c\u043e\u0435 Casibom Casino Hakk\u0131nda Genel Bilgiler Casibom Casino&#8217;da G\u00fcvenli\u011fi Nas\u0131l Kontrol Ediyorum? Casibom Casino&#8217;da Oynarken<\/p>\n\t\t<\/div>\n\t\t\t\t\t<a class=\"elementor-post__read-more\" href=\"https:\/\/eswatinichess.com\/index.php\/2026\/05\/13\/casibom-casino-gvenilir-online-casino-giri-adresi6510\/\" >\n\t\t\t\tRead More \u00bb\t\t\t<\/a>\n\t\t\t\t<\/div>\n\t\t\t\t<div class=\"elementor-post__meta-data\">\n\t\t\t\t\t<span class=\"elementor-post-date\">\n\t\t\tMay 13, 2026\t\t<\/span>\n\t\t\t\t<span class=\"elementor-post-avatar\">\n\t\t\tNo Comments\t\t<\/span>\n\t\t\t\t<\/div>\n\t\t\t\t\t<\/div>\n\t\t<\/article>\n\t\t\t\t<article class=\"elementor-post elementor-grid-item post-17140 post type-post status-publish format-standard hentry category-uncategorized\">\n\t\t\t<div class=\"elementor-post__card\">\n\t\t\t\t<div class=\"elementor-post__text\">\n\t\t\t\t<h3 class=\"elementor-post__title\">\n\t\t\t<a href=\"https:\/\/eswatinichess.com\/index.php\/2026\/05\/13\/na-jakie-sposoby-automatyzacja-przeobraza-fundamenty-mediow\/\" >\n\t\t\t\tNa jakie sposoby automatyzacja przeobra\u017ca fundamenty medi\u00f3w\t\t\t<\/a>\n\t\t<\/h3>\n\t\t\t\t<div class=\"elementor-post__excerpt\">\n\t\t\t<p>Na jakie sposoby automatyzacja przeobra\u017ca fundamenty medi\u00f3w Dzisiejsza, cyfrowa faza ewolucji cyfrowej jest zdominowana przez sieci neuronowych. Potencja\u0142 tych rozwi\u0105za\u0144 na \u015bcie\u017cki, jakimi spo\u0142ecze\u0144stwo eksploruj\u0105<\/p>\n\t\t<\/div>\n\t\t\t\t\t<a class=\"elementor-post__read-more\" href=\"https:\/\/eswatinichess.com\/index.php\/2026\/05\/13\/na-jakie-sposoby-automatyzacja-przeobraza-fundamenty-mediow\/\" >\n\t\t\t\tRead More \u00bb\t\t\t<\/a>\n\t\t\t\t<\/div>\n\t\t\t\t<div class=\"elementor-post__meta-data\">\n\t\t\t\t\t<span class=\"elementor-post-date\">\n\t\t\tMay 13, 2026\t\t<\/span>\n\t\t\t\t<span class=\"elementor-post-avatar\">\n\t\t\tNo Comments\t\t<\/span>\n\t\t\t\t<\/div>\n\t\t\t\t\t<\/div>\n\t\t<\/article>\n\t\t\t\t<article class=\"elementor-post elementor-grid-item post-17138 post type-post status-publish format-standard hentry category-uncategorized\">\n\t\t\t<div class=\"elementor-post__card\">\n\t\t\t\t<div class=\"elementor-post__text\">\n\t\t\t\t<h3 class=\"elementor-post__title\">\n\t\t\t<a href=\"https:\/\/eswatinichess.com\/index.php\/2026\/05\/13\/online-casino-erfahrungen-sterreich2659\/\" >\n\t\t\t\tOnline Casino Erfahrungen sterreich.2659\t\t\t<\/a>\n\t\t<\/h3>\n\t\t\t\t<div class=\"elementor-post__excerpt\">\n\t\t\t<p>Online Casino Erfahrungen \u00d6sterreich \u25b6\ufe0f SPIELEN \u0421\u043e\u0434\u0435\u0440\u0436\u0438\u043c\u043e\u0435 Die Vorteile von Online Casinos in \u00d6sterreich Wie man sicheren und seri\u00f6sen Online Casinos ausw\u00e4hlt \u00dcberpr\u00fcfen Sie die<\/p>\n\t\t<\/div>\n\t\t\t\t\t<a class=\"elementor-post__read-more\" href=\"https:\/\/eswatinichess.com\/index.php\/2026\/05\/13\/online-casino-erfahrungen-sterreich2659\/\" >\n\t\t\t\tRead More \u00bb\t\t\t<\/a>\n\t\t\t\t<\/div>\n\t\t\t\t<div class=\"elementor-post__meta-data\">\n\t\t\t\t\t<span class=\"elementor-post-date\">\n\t\t\tMay 13, 2026\t\t<\/span>\n\t\t\t\t<span class=\"elementor-post-avatar\">\n\t\t\tNo Comments\t\t<\/span>\n\t\t\t\t<\/div>\n\t\t\t\t\t<\/div>\n\t\t<\/article>\n\t\t\t\t<article class=\"elementor-post elementor-grid-item post-17136 post type-post status-publish format-standard hentry category-uncategorized\">\n\t\t\t<div class=\"elementor-post__card\">\n\t\t\t\t<div class=\"elementor-post__text\">\n\t\t\t\t<h3 class=\"elementor-post__title\">\n\t\t\t<a href=\"https:\/\/eswatinichess.com\/index.php\/2026\/05\/13\/1xslots-1xslots-dostupnost-platformy2140\/\" >\n\t\t\t\t1xSlots 1\u0445\u0421\u043b\u043e\u0442\u0441 \u0434\u043e\u0441\u0442\u0443\u043f\u043d\u043e\u0441\u0442\u044c \u043f\u043b\u0430\u0442\u0444\u043e\u0440\u043c\u044b.2140\t\t\t<\/a>\n\t\t<\/h3>\n\t\t\t\t<div class=\"elementor-post__excerpt\">\n\t\t\t<p>\u041e\u043d\u043b\u0430\u0439\u043d \u043a\u0430\u0437\u0438\u043d\u043e 1xSlots (1\u0445\u0421\u043b\u043e\u0442\u0441) &#8211; \u0434\u043e\u0441\u0442\u0443\u043f\u043d\u043e\u0441\u0442\u044c \u043f\u043b\u0430\u0442\u0444\u043e\u0440\u043c\u044b \u25b6\ufe0f \u0418\u0413\u0420\u0410\u0422\u042c \u0421\u043e\u0434\u0435\u0440\u0436\u0438\u043c\u043e\u0435 \u0423\u0441\u043b\u043e\u0432\u0438\u044f \u0434\u043e\u0441\u0442\u0443\u043f\u043d\u043e\u0441\u0442\u0438 \u0414\u043e\u043f\u043e\u043b\u043d\u0438\u0442\u0435\u043b\u044c\u043d\u044b\u0435 \u0443\u0441\u043b\u043e\u0432\u0438\u044f \u0412\u043e\u0437\u043c\u043e\u0436\u043d\u043e\u0441\u0442\u0438 \u0434\u043b\u044f \u0438\u0433\u0440\u043e\u043a\u043e\u0432 \u0411\u043e\u043d\u0443\u0441\u044b \u0438 \u043f\u0440\u043e\u0433\u0440\u0430\u043c\u043c\u044b \u043b\u043e\u044f\u043b\u044c\u043d\u043e\u0441\u0442\u0438 \u0415\u0441\u043b\u0438 \u0432\u044b \u0438\u0449\u0435\u0442\u0435 \u043d\u0430\u0434\u0435\u0436\u043d\u043e\u0435<\/p>\n\t\t<\/div>\n\t\t\t\t\t<a class=\"elementor-post__read-more\" href=\"https:\/\/eswatinichess.com\/index.php\/2026\/05\/13\/1xslots-1xslots-dostupnost-platformy2140\/\" >\n\t\t\t\tRead More \u00bb\t\t\t<\/a>\n\t\t\t\t<\/div>\n\t\t\t\t<div class=\"elementor-post__meta-data\">\n\t\t\t\t\t<span class=\"elementor-post-date\">\n\t\t\tMay 13, 2026\t\t<\/span>\n\t\t\t\t<span class=\"elementor-post-avatar\">\n\t\t\tNo Comments\t\t<\/span>\n\t\t\t\t<\/div>\n\t\t\t\t\t<\/div>\n\t\t<\/article>\n\t\t\t\t<\/div>\n\t\t\t\t<nav class=\"elementor-pagination\" role=\"navigation\" aria-label=\"Pagination\">\n\t\t\t<span class=\"page-numbers prev\">&laquo; Previous<\/span>\n<a class=\"page-numbers next\" href=\"https:\/\/eswatinichess.com\/index.php\/wp-json\/wp\/v2\/pages\/135\/page\/2\/\">Next &raquo;<\/a>\t\t<\/nav>\n\t\t\t\t\t\t<\/div>\n\t\t\t\t<\/div>\n\t\t\t\t\t<\/div>\n\t\t<\/div>\n\t\t\t\t\t<\/div>\n\t\t<\/section>\n\t\t\t\t<section class=\"elementor-section elementor-top-section elementor-element elementor-element-2fab28de elementor-section-boxed elementor-section-height-default elementor-section-height-default\" data-id=\"2fab28de\" data-element_type=\"section\">\n\t\t\t\t\t\t<div class=\"elementor-container elementor-column-gap-default\">\n\t\t\t\t\t<div class=\"elementor-column elementor-col-100 elementor-top-column elementor-element elementor-element-fbc2993\" data-id=\"fbc2993\" data-element_type=\"column\">\n\t\t\t<div class=\"elementor-widget-wrap elementor-element-populated\">\n\t\t\t\t\t\t<div class=\"elementor-element elementor-element-518c9966 elementor-icon-list--layout-inline elementor-align-center elementor-list-item-link-full_width elementor-widget elementor-widget-icon-list\" data-id=\"518c9966\" data-element_type=\"widget\" data-widget_type=\"icon-list.default\">\n\t\t\t\t<div class=\"elementor-widget-container\">\n\t\t\t\t\t\t\t<ul class=\"elementor-icon-list-items elementor-inline-items\">\n\t\t\t\t\t\t\t<li class=\"elementor-icon-list-item elementor-inline-item\">\n\t\t\t\t\t\t\t\t\t\t\t<span class=\"elementor-icon-list-icon\">\n\t\t\t\t\t\t\t<i aria-hidden=\"true\" class=\"fab fa-facebook\"><\/i>\t\t\t\t\t\t<\/span>\n\t\t\t\t\t\t\t\t\t\t<span class=\"elementor-icon-list-text\"><\/span>\n\t\t\t\t\t\t\t\t\t<\/li>\n\t\t\t\t\t\t\t\t<li class=\"elementor-icon-list-item elementor-inline-item\">\n\t\t\t\t\t\t\t\t\t\t\t<span class=\"elementor-icon-list-icon\">\n\t\t\t\t\t\t\t<i aria-hidden=\"true\" class=\"fab fa-youtube\"><\/i>\t\t\t\t\t\t<\/span>\n\t\t\t\t\t\t\t\t\t\t<span class=\"elementor-icon-list-text\"><\/span>\n\t\t\t\t\t\t\t\t\t<\/li>\n\t\t\t\t\t\t\t\t<li class=\"elementor-icon-list-item elementor-inline-item\">\n\t\t\t\t\t\t\t\t\t\t\t<span class=\"elementor-icon-list-icon\">\n\t\t\t\t\t\t\t<i aria-hidden=\"true\" class=\"fab fa-instagram\"><\/i>\t\t\t\t\t\t<\/span>\n\t\t\t\t\t\t\t\t\t\t<span class=\"elementor-icon-list-text\"><\/span>\n\t\t\t\t\t\t\t\t\t<\/li>\n\t\t\t\t\t\t<\/ul>\n\t\t\t\t\t\t<\/div>\n\t\t\t\t<\/div>\n\t\t\t\t\t<\/div>\n\t\t<\/div>\n\t\t\t\t\t<\/div>\n\t\t<\/section>\n\t\t\t\t<\/div>\n\t\t","protected":false},"excerpt":{"rendered":"<p>Latest News and Updatescatch all the latest news from eswatini chess Latest news<\/p>\n","protected":false},"author":1,"featured_media":0,"parent":0,"menu_order":0,"comment_status":"closed","ping_status":"closed","template":"","meta":{"footnotes":""},"class_list":["post-135","page","type-page","status-publish","hentry"],"_links":{"self":[{"href":"https:\/\/eswatinichess.com\/index.php\/wp-json\/wp\/v2\/pages\/135","targetHints":{"allow":["GET"]}}],"collection":[{"href":"https:\/\/eswatinichess.com\/index.php\/wp-json\/wp\/v2\/pages"}],"about":[{"href":"https:\/\/eswatinichess.com\/index.php\/wp-json\/wp\/v2\/types\/page"}],"author":[{"embeddable":true,"href":"https:\/\/eswatinichess.com\/index.php\/wp-json\/wp\/v2\/users\/1"}],"replies":[{"embeddable":true,"href":"https:\/\/eswatinichess.com\/index.php\/wp-json\/wp\/v2\/comments?post=135"}],"version-history":[{"count":6,"href":"https:\/\/eswatinichess.com\/index.php\/wp-json\/wp\/v2\/pages\/135\/revisions"}],"predecessor-version":[{"id":488,"href":"https:\/\/eswatinichess.com\/index.php\/wp-json\/wp\/v2\/pages\/135\/revisions\/488"}],"wp:attachment":[{"href":"https:\/\/eswatinichess.com\/index.php\/wp-json\/wp\/v2\/media?parent=135"}],"curies":[{"name":"wp","href":"https:\/\/api.w.org\/{rel}","templated":true}]}}